{"id":10,"date":"2023-12-30T23:00:26","date_gmt":"2023-12-31T02:00:26","guid":{"rendered":"https:\/\/moccasin-fly-323710.hostingersite.com\/?page_id=10"},"modified":"2024-03-14T11:36:20","modified_gmt":"2024-03-14T14:36:20","slug":"elementor-10","status":"publish","type":"page","link":"https:\/\/enjoymundo.com.br\/","title":{"rendered":"Enjoy Mundo &#8211; Calend\u00e1rio de Viagens em grupo"},"content":{"rendered":"\t\t<div data-elementor-type=\"wp-post\" data-elementor-id=\"10\" class=\"elementor elementor-10\">\n\t\t\t\t<div class=\"elementor-element elementor-element-6c54f2e9 e-flex e-con-boxed e-con e-parent\" data-id=\"6c54f2e9\" data-element_type=\"container\" data-settings=\"{&quot;background_background&quot;:&quot;classic&quot;}\">\n\t\t\t\t\t<div class=\"e-con-inner\">\n\t\t<div class=\"elementor-element elementor-element-619ca4c9 e-con-full e-flex e-con e-child\" data-id=\"619ca4c9\" data-element_type=\"container\">\n\t\t\t\t<div class=\"elementor-element elementor-element-9cff79f elementor-widget elementor-widget-image\" data-id=\"9cff79f\" data-element_type=\"widget\" data-widget_type=\"image.default\">\n\t\t\t\t<div class=\"elementor-widget-container\">\n\t\t\t\t\t\t\t\t\t\t\t\t\t\t\t<img decoding=\"async\" width=\"300\" height=\"139\" src=\"https:\/\/enjoymundo.com.br\/wp-content\/uploads\/2024\/03\/mundo-logo-colorida-300x139.png\" class=\"attachment-medium size-medium wp-image-40\" alt=\"\" srcset=\"https:\/\/enjoymundo.com.br\/wp-content\/uploads\/2024\/03\/mundo-logo-colorida-300x139.png 300w, https:\/\/enjoymundo.com.br\/wp-content\/uploads\/2024\/03\/mundo-logo-colorida-1024x474.png 1024w, https:\/\/enjoymundo.com.br\/wp-content\/uploads\/2024\/03\/mundo-logo-colorida-768x356.png 768w, https:\/\/enjoymundo.com.br\/wp-content\/uploads\/2024\/03\/mundo-logo-colorida.png 1080w\" sizes=\"(max-width: 300px) 100vw, 300px\" \/>\t\t\t\t\t\t\t\t\t\t\t\t\t\t\t<\/div>\n\t\t\t\t<\/div>\n\t\t\t\t<div class=\"elementor-element elementor-element-2d9ac9fd elementor-widget elementor-widget-heading\" data-id=\"2d9ac9fd\" data-element_type=\"widget\" data-widget_type=\"heading.default\">\n\t\t\t\t<div class=\"elementor-widget-container\">\n\t\t\t\t\t<h1 class=\"elementor-heading-title elementor-size-default\">Viagens em grupo 2023 e 2024<\/h1>\t\t\t\t<\/div>\n\t\t\t\t<\/div>\n\t\t\t\t<div class=\"elementor-element elementor-element-5b7027fc elementor-widget elementor-widget-text-editor\" data-id=\"5b7027fc\" data-element_type=\"widget\" data-widget_type=\"text-editor.default\">\n\t\t\t\t<div class=\"elementor-widget-container\">\n\t\t\t\t\t\t\t\t\t<p style=\"text-align: center\">Sabe <strong>aquele sonho de viagem<\/strong> que voc\u00ea tem engavetado h\u00e1 tempos porque nunca teve coragem ou companhia para realizar? Estamos aqui pra te ajudar a tornar ele poss\u00edvel!<\/p>\n<p style=\"text-align: center\">Em nossas viagens em grupo, gostamos de privilegiar <b>experi\u00eancias&nbsp;<\/b>e fazemos o poss\u00edvel para garantir uma&nbsp;<strong>imers\u00e3o cultural<\/strong>&nbsp;no destino escolhido. Preferimos os&nbsp;<strong>grupos pequenos<\/strong>&nbsp;em que os viajantes estejam numa mesma sintonia.<\/p>\t\t\t\t\t\t\t\t<\/div>\n\t\t\t\t<\/div>\n\t\t\t\t<div class=\"elementor-element elementor-element-d90a9d0 elementor-widget elementor-widget-image\" data-id=\"d90a9d0\" data-element_type=\"widget\" data-widget_type=\"image.default\">\n\t\t\t\t<div class=\"elementor-widget-container\">\n\t\t\t\t\t\t\t\t\t\t\t\t\t\t\t<img fetchpriority=\"high\" decoding=\"async\" width=\"800\" height=\"180\" src=\"https:\/\/enjoymundo.com.br\/wp-content\/uploads\/2023\/12\/enjoy_mundo-viagens_em_grupo--1024x231.png\" class=\"attachment-large size-large wp-image-19\" alt=\"enjoy mundo viagens em grupo\" srcset=\"https:\/\/enjoymundo.com.br\/wp-content\/uploads\/2023\/12\/enjoy_mundo-viagens_em_grupo--1024x231.png 1024w, https:\/\/enjoymundo.com.br\/wp-content\/uploads\/2023\/12\/enjoy_mundo-viagens_em_grupo--300x68.png 300w, https:\/\/enjoymundo.com.br\/wp-content\/uploads\/2023\/12\/enjoy_mundo-viagens_em_grupo--768x174.png 768w, https:\/\/enjoymundo.com.br\/wp-content\/uploads\/2023\/12\/enjoy_mundo-viagens_em_grupo-.png 1199w\" sizes=\"(max-width: 800px) 100vw, 800px\" \/>\t\t\t\t\t\t\t\t\t\t\t\t\t\t\t<\/div>\n\t\t\t\t<\/div>\n\t\t\t\t<div class=\"elementor-element elementor-element-6703dffd elementor-widget elementor-widget-gallery\" data-id=\"6703dffd\" data-element_type=\"widget\" data-widget_type=\"gallery.default\">\n\t\t\t\t<div class=\"elementor-widget-container\">\n\t\t\t\t\t \t\t\t\t<\/div>\n\t\t\t\t<\/div>\n\t\t\t\t<div class=\"elementor-element elementor-element-4cdc418 elementor-widget elementor-widget-text-editor\" data-id=\"4cdc418\" data-element_type=\"widget\" data-widget_type=\"text-editor.default\">\n\t\t\t\t<div class=\"elementor-widget-container\">\n\t\t\t\t\t\t\t\t\t<p style=\"text-align: center\">Voc\u00ea pode<strong> entrar em um de nossos grupos<\/strong>, conforme a programa\u00e7\u00e3o abaixo, ou falar com um dos Pandas (Renata ou Jos\u00e9) e n\u00f3s<strong> montamos uma viagem exclusiva<\/strong> para o seu grupo.<\/p><p style=\"text-align: center\">O jeito <em><strong>Panda Experience<\/strong><\/em> de viajar \u00e9<strong> leve, alegre e divertido<\/strong>, assim como gostamos de levar a vida.<\/p>\t\t\t\t\t\t\t\t<\/div>\n\t\t\t\t<\/div>\n\t\t\t\t<\/div>\n\t\t\t\t\t<\/div>\n\t\t\t\t<\/div>\n\t\t<div class=\"elementor-element elementor-element-50b2e845 e-flex e-con-boxed e-con e-parent\" data-id=\"50b2e845\" data-element_type=\"container\" data-settings=\"{&quot;background_background&quot;:&quot;classic&quot;}\">\n\t\t\t\t\t<div class=\"e-con-inner\">\n\t\t<div class=\"elementor-element elementor-element-1ca4d6a7 e-con-full e-flex e-con e-child\" data-id=\"1ca4d6a7\" data-element_type=\"container\">\n\t\t\t\t<div class=\"elementor-element elementor-element-307b0ae9 elementor-widget elementor-widget-heading\" data-id=\"307b0ae9\" data-element_type=\"widget\" data-widget_type=\"heading.default\">\n\t\t\t\t<div class=\"elementor-widget-container\">\n\t\t\t\t\t<h2 class=\"elementor-heading-title elementor-size-default\">Pr\u00f3ximas Viagens em Grupo<\/h2>\t\t\t\t<\/div>\n\t\t\t\t<\/div>\n\t\t\t\t<div class=\"elementor-element elementor-element-613bd193 elementor-widget elementor-widget-heading\" data-id=\"613bd193\" data-element_type=\"widget\" data-widget_type=\"heading.default\">\n\t\t\t\t<div class=\"elementor-widget-container\">\n\t\t\t\t\t<h5 class=\"elementor-heading-title elementor-size-default\">Confira a nossa programa\u00e7\u00e3o de viagens em grupo para 2023 e 2024.<\/h5>\t\t\t\t<\/div>\n\t\t\t\t<\/div>\n\t\t<div class=\"elementor-element elementor-element-4b88f107 e-con-full e-flex e-con e-child\" data-id=\"4b88f107\" data-element_type=\"container\">\n\t\t<div class=\"elementor-element elementor-element-6af8af3f e-con-full e-flex e-con e-child\" data-id=\"6af8af3f\" data-element_type=\"container\" data-settings=\"{&quot;background_background&quot;:&quot;classic&quot;}\">\n\t\t\t\t<div class=\"elementor-element elementor-element-6ba2aaec elementor-widget elementor-widget-heading\" data-id=\"6ba2aaec\" data-element_type=\"widget\" data-widget_type=\"heading.default\">\n\t\t\t\t<div class=\"elementor-widget-container\">\n\t\t\t\t\t<h2 class=\"elementor-heading-title elementor-size-default\">Saiba das nossas pr\u00f3ximas viagens em primeira m\u00e3o e ganhe descontos!<\/h2>\t\t\t\t<\/div>\n\t\t\t\t<\/div>\n\t\t\t\t<div class=\"elementor-element elementor-element-56ca7197 elementor-widget elementor-widget-form\" data-id=\"56ca7197\" data-element_type=\"widget\" data-widget_type=\"form.default\">\n\t\t\t\t<div class=\"elementor-widget-container\">\n\t\t\t\t\t \t\t\t\t<\/div>\n\t\t\t\t<\/div>\n\t\t\t\t<\/div>\n\t\t\t\t<\/div>\n\t\t<div class=\"elementor-element elementor-element-6dd262df e-con-full e-flex e-con e-child\" data-id=\"6dd262df\" data-element_type=\"container\">\n\t\t<div class=\"elementor-element elementor-element-3782fb9 e-con-full e-flex e-con e-child\" data-id=\"3782fb9\" data-element_type=\"container\">\n\t\t\t\t<div class=\"elementor-element elementor-element-319b677d elementor-widget__width-auto elementor-position-top elementor-widget elementor-widget-image-box\" data-id=\"319b677d\" data-element_type=\"widget\" data-widget_type=\"image-box.default\">\n\t\t\t\t<div class=\"elementor-widget-container\">\n\t\t\t\t\t<div class=\"elementor-image-box-wrapper\"><figure class=\"elementor-image-box-img\"><img decoding=\"async\" width=\"300\" height=\"225\" src=\"https:\/\/enjoymundo.com.br\/wp-content\/uploads\/2023\/12\/taj_mahal_india_2-300x225.jpg\" class=\"attachment-medium size-medium wp-image-24\" alt=\"\" srcset=\"https:\/\/enjoymundo.com.br\/wp-content\/uploads\/2023\/12\/taj_mahal_india_2-300x225.jpg 300w, https:\/\/enjoymundo.com.br\/wp-content\/uploads\/2023\/12\/taj_mahal_india_2-1024x768.jpg 1024w, https:\/\/enjoymundo.com.br\/wp-content\/uploads\/2023\/12\/taj_mahal_india_2-768x576.jpg 768w, https:\/\/enjoymundo.com.br\/wp-content\/uploads\/2023\/12\/taj_mahal_india_2-1536x1152.jpg 1536w, https:\/\/enjoymundo.com.br\/wp-content\/uploads\/2023\/12\/taj_mahal_india_2.jpg 1741w\" sizes=\"(max-width: 300px) 100vw, 300px\" \/><\/figure><div class=\"elementor-image-box-content\"><h3 class=\"elementor-image-box-title\">\u00edndia 2024<\/h3><p class=\"elementor-image-box-description\">holi festival<br>16 a 27 de mar\u00e7o de 2024<\/p><\/div><\/div>\t\t\t\t<\/div>\n\t\t\t\t<\/div>\n\t\t\t\t<div class=\"elementor-element elementor-element-46b2ddb8 elementor-align-center elementor-widget elementor-widget-button\" data-id=\"46b2ddb8\" data-element_type=\"widget\" data-widget_type=\"button.default\">\n\t\t\t\t<div class=\"elementor-widget-container\">\n\t\t\t\t\t\t\t\t\t<div class=\"elementor-button-wrapper\">\n\t\t\t\t\t<a class=\"elementor-button elementor-button-link elementor-size-sm elementor-animation-grow\" href=\"\/grupo\/india2024\" target=\"_blank\" rel=\"nofollow\">\n\t\t\t\t\t\t<span class=\"elementor-button-content-wrapper\">\n\t\t\t\t\t\t\t\t\t<span class=\"elementor-button-text\">Quero saber mais<\/span>\n\t\t\t\t\t<\/span>\n\t\t\t\t\t<\/a>\n\t\t\t\t<\/div>\n\t\t\t\t\t\t\t\t<\/div>\n\t\t\t\t<\/div>\n\t\t\t\t<\/div>\n\t\t<div class=\"elementor-element elementor-element-50604531 e-con-full e-flex e-con e-child\" data-id=\"50604531\" data-element_type=\"container\">\n\t\t\t\t<div class=\"elementor-element elementor-element-3c4f9221 elementor-widget__width-auto elementor-position-top elementor-widget elementor-widget-image-box\" data-id=\"3c4f9221\" data-element_type=\"widget\" data-widget_type=\"image-box.default\">\n\t\t\t\t<div class=\"elementor-widget-container\">\n\t\t\t\t\t<div class=\"elementor-image-box-wrapper\"><figure class=\"elementor-image-box-img\"><img decoding=\"async\" src=\"https:\/\/enjoymundo.com.br\/wp-content\/uploads\/2023\/12\/lencois-maranhenses-sao-luis-e1637779729501.jpg\" title=\"lencois-maranhenses-sao-luis-e1637779729501.jpg\" alt=\"lencois-maranhenses-sao-luis-e1637779729501.jpg\" loading=\"lazy\" \/><\/figure><div class=\"elementor-image-box-content\"><h3 class=\"elementor-image-box-title\">Len\u00e7\u00f3is Maranhenses 2024<\/h3><p class=\"elementor-image-box-description\">Barreirinhas e Santo Amaro<br>Junho de 2024<\/p><\/div><\/div>\t\t\t\t<\/div>\n\t\t\t\t<\/div>\n\t\t\t\t<div class=\"elementor-element elementor-element-14af296a elementor-align-center elementor-widget elementor-widget-button\" data-id=\"14af296a\" data-element_type=\"widget\" data-widget_type=\"button.default\">\n\t\t\t\t<div class=\"elementor-widget-container\">\n\t\t\t\t\t\t\t\t\t<div class=\"elementor-button-wrapper\">\n\t\t\t\t\t<a class=\"elementor-button elementor-button-link elementor-size-sm elementor-animation-grow\" href=\"\/grupo\/lencoisjun2024\" target=\"_blank\" rel=\"nofollow\">\n\t\t\t\t\t\t<span class=\"elementor-button-content-wrapper\">\n\t\t\t\t\t\t\t\t\t<span class=\"elementor-button-text\">Quero saber mais<\/span>\n\t\t\t\t\t<\/span>\n\t\t\t\t\t<\/a>\n\t\t\t\t<\/div>\n\t\t\t\t\t\t\t\t<\/div>\n\t\t\t\t<\/div>\n\t\t\t\t<\/div>\n\t\t\t\t<\/div>\n\t\t<div class=\"elementor-element elementor-element-3cabcc31 e-con-full e-flex e-con e-child\" data-id=\"3cabcc31\" data-element_type=\"container\">\n\t\t<div class=\"elementor-element elementor-element-1ddb0967 e-con-full e-flex e-con e-child\" data-id=\"1ddb0967\" data-element_type=\"container\">\n\t\t\t\t<div class=\"elementor-element elementor-element-1d2d0bf7 elementor-widget__width-auto elementor-position-top elementor-widget elementor-widget-image-box\" data-id=\"1d2d0bf7\" data-element_type=\"widget\" data-widget_type=\"image-box.default\">\n\t\t\t\t<div class=\"elementor-widget-container\">\n\t\t\t\t\t<div class=\"elementor-image-box-wrapper\"><figure class=\"elementor-image-box-img\"><img loading=\"lazy\" decoding=\"async\" width=\"300\" height=\"195\" src=\"https:\/\/enjoymundo.com.br\/wp-content\/uploads\/2023\/12\/roteiro-de-viagem-egito-7-e-10-dias-1-300x195.jpg\" class=\"attachment-medium size-medium wp-image-26\" alt=\"\" srcset=\"https:\/\/enjoymundo.com.br\/wp-content\/uploads\/2023\/12\/roteiro-de-viagem-egito-7-e-10-dias-1-300x195.jpg 300w, https:\/\/enjoymundo.com.br\/wp-content\/uploads\/2023\/12\/roteiro-de-viagem-egito-7-e-10-dias-1-1024x665.jpg 1024w, https:\/\/enjoymundo.com.br\/wp-content\/uploads\/2023\/12\/roteiro-de-viagem-egito-7-e-10-dias-1-768x499.jpg 768w, https:\/\/enjoymundo.com.br\/wp-content\/uploads\/2023\/12\/roteiro-de-viagem-egito-7-e-10-dias-1.jpg 1200w\" sizes=\"(max-width: 300px) 100vw, 300px\" \/><\/figure><div class=\"elementor-image-box-content\"><h3 class=\"elementor-image-box-title\">Egito &amp; jord\u00e2nia 2023 [esgotado]<\/h3><p class=\"elementor-image-box-description\">Cairo + Cruzeiro pelo nilo\n<br>outubro de 2023<\/p><\/div><\/div>\t\t\t\t<\/div>\n\t\t\t\t<\/div>\n\t\t\t\t<\/div>\n\t\t<div class=\"elementor-element elementor-element-4f972592 e-con-full e-flex e-con e-child\" data-id=\"4f972592\" data-element_type=\"container\">\n\t\t\t\t<div class=\"elementor-element elementor-element-2140f71c elementor-widget__width-auto elementor-position-top elementor-widget elementor-widget-image-box\" data-id=\"2140f71c\" data-element_type=\"widget\" data-widget_type=\"image-box.default\">\n\t\t\t\t<div class=\"elementor-widget-container\">\n\t\t\t\t\t<div class=\"elementor-image-box-wrapper\"><figure class=\"elementor-image-box-img\"><img loading=\"lazy\" decoding=\"async\" width=\"300\" height=\"199\" src=\"https:\/\/enjoymundo.com.br\/wp-content\/uploads\/2023\/12\/similan-islands-thailand-tailandia-300x199.jpg\" class=\"attachment-medium size-medium wp-image-27\" alt=\"\" srcset=\"https:\/\/enjoymundo.com.br\/wp-content\/uploads\/2023\/12\/similan-islands-thailand-tailandia-300x199.jpg 300w, https:\/\/enjoymundo.com.br\/wp-content\/uploads\/2023\/12\/similan-islands-thailand-tailandia-768x510.jpg 768w, https:\/\/enjoymundo.com.br\/wp-content\/uploads\/2023\/12\/similan-islands-thailand-tailandia.jpg 1024w\" sizes=\"(max-width: 300px) 100vw, 300px\" \/><\/figure><div class=\"elementor-image-box-content\"><h3 class=\"elementor-image-box-title\">[ESGOTADO] Tail\u00e2ndia 2023<\/h3><p class=\"elementor-image-box-description\">Descubra o melhor da Tail\u00e2ndia<br>novembro de 2023<\/p><\/div><\/div>\t\t\t\t<\/div>\n\t\t\t\t<\/div>\n\t\t\t\t<\/div>\n\t\t\t\t<\/div>\n\t\t\t\t<\/div>\n\t\t\t\t\t<\/div>\n\t\t\t\t<\/div>\n\t\t<div class=\"elementor-element elementor-element-522b1f39 e-con-full e-flex e-con e-parent\" data-id=\"522b1f39\" data-element_type=\"container\" data-settings=\"{&quot;background_background&quot;:&quot;classic&quot;}\">\n\t\t\t\t<div class=\"elementor-element elementor-element-7ab10458 elementor-widget elementor-widget-heading\" data-id=\"7ab10458\" data-element_type=\"widget\" data-widget_type=\"heading.default\">\n\t\t\t\t<div class=\"elementor-widget-container\">\n\t\t\t\t\t<h4 class=\"elementor-heading-title elementor-size-default\">Sonhos j\u00e1 realizados<\/h4>\t\t\t\t<\/div>\n\t\t\t\t<\/div>\n\t\t\t\t<div class=\"elementor-element elementor-element-35359b1 elementor-widget elementor-widget-heading\" data-id=\"35359b1\" data-element_type=\"widget\" data-widget_type=\"heading.default\">\n\t\t\t\t<div class=\"elementor-widget-container\">\n\t\t\t\t\t<h5 class=\"elementor-heading-title elementor-size-default\">Veja as viagens em grupo que j\u00e1 realizamos<\/h5>\t\t\t\t<\/div>\n\t\t\t\t<\/div>\n\t\t<div class=\"elementor-element elementor-element-7e0e758a e-con-full e-flex e-con e-child\" data-id=\"7e0e758a\" data-element_type=\"container\">\n\t\t<div class=\"elementor-element elementor-element-1d3450c5 e-con-full e-flex e-con e-child\" data-id=\"1d3450c5\" data-element_type=\"container\">\n\t\t<div class=\"elementor-element elementor-element-7a307540 e-con-full e-flex e-con e-child\" data-id=\"7a307540\" data-element_type=\"container\">\n\t\t\t\t<div class=\"elementor-element elementor-element-7df52d62 elementor-widget__width-auto elementor-position-top elementor-widget elementor-widget-image-box\" data-id=\"7df52d62\" data-element_type=\"widget\" data-widget_type=\"image-box.default\">\n\t\t\t\t<div class=\"elementor-widget-container\">\n\t\t\t\t\t<div class=\"elementor-image-box-wrapper\"><figure class=\"elementor-image-box-img\"><img loading=\"lazy\" decoding=\"async\" width=\"300\" height=\"200\" src=\"https:\/\/enjoymundo.com.br\/wp-content\/uploads\/2023\/12\/onde-ficar-no-cairo-7-scaled-1-300x200.jpeg\" class=\"attachment-medium size-medium wp-image-28\" alt=\"\" srcset=\"https:\/\/enjoymundo.com.br\/wp-content\/uploads\/2023\/12\/onde-ficar-no-cairo-7-scaled-1-300x200.jpeg 300w, https:\/\/enjoymundo.com.br\/wp-content\/uploads\/2023\/12\/onde-ficar-no-cairo-7-scaled-1-1024x684.jpeg 1024w, https:\/\/enjoymundo.com.br\/wp-content\/uploads\/2023\/12\/onde-ficar-no-cairo-7-scaled-1-768x513.jpeg 768w, https:\/\/enjoymundo.com.br\/wp-content\/uploads\/2023\/12\/onde-ficar-no-cairo-7-scaled-1-1536x1026.jpeg 1536w, https:\/\/enjoymundo.com.br\/wp-content\/uploads\/2023\/12\/onde-ficar-no-cairo-7-scaled-1.jpeg 2048w\" sizes=\"(max-width: 300px) 100vw, 300px\" \/><\/figure><div class=\"elementor-image-box-content\"><h3 class=\"elementor-image-box-title\">[ESGOTADO] <br>Egito<\/h3><p class=\"elementor-image-box-description\">Outubro de 2021<\/p><\/div><\/div>\t\t\t\t<\/div>\n\t\t\t\t<\/div>\n\t\t\t\t<\/div>\n\t\t<div class=\"elementor-element elementor-element-5ab9e89c e-con-full e-flex e-con e-child\" data-id=\"5ab9e89c\" data-element_type=\"container\">\n\t\t\t\t<div class=\"elementor-element elementor-element-29fe3915 elementor-position-top elementor-widget elementor-widget-image-box\" data-id=\"29fe3915\" data-element_type=\"widget\" data-widget_type=\"image-box.default\">\n\t\t\t\t<div class=\"elementor-widget-container\">\n\t\t\t\t\t<div class=\"elementor-image-box-wrapper\"><figure class=\"elementor-image-box-img\"><img decoding=\"async\" src=\"https:\/\/enjoymundo.com.br\/wp-content\/uploads\/2023\/12\/India-2020-Nov-Grupo-Taj-Mahal.jpeg\" title=\"India-2020-Nov-Grupo-Taj-Mahal.jpeg\" alt=\"India-2020-Nov-Grupo-Taj-Mahal.jpeg\" loading=\"lazy\" \/><\/figure><div class=\"elementor-image-box-content\"><h3 class=\"elementor-image-box-title\">[ESGOTADO]<br>\u00cdndia Camel Festival<\/h3><p class=\"elementor-image-box-description\">novembro de 2019<br><br><\/p><\/div><\/div>\t\t\t\t<\/div>\n\t\t\t\t<\/div>\n\t\t\t\t<\/div>\n\t\t\t\t<\/div>\n\t\t<div class=\"elementor-element elementor-element-b1e3578 e-con-full e-flex e-con e-child\" data-id=\"b1e3578\" data-element_type=\"container\">\n\t\t<div class=\"elementor-element elementor-element-7219126d e-con-full e-flex e-con e-child\" data-id=\"7219126d\" data-element_type=\"container\">\n\t\t\t\t<div class=\"elementor-element elementor-element-55eaa0a elementor-widget__width-auto elementor-position-top elementor-widget elementor-widget-image-box\" data-id=\"55eaa0a\" data-element_type=\"widget\" data-widget_type=\"image-box.default\">\n\t\t\t\t<div class=\"elementor-widget-container\">\n\t\t\t\t\t<div class=\"elementor-image-box-wrapper\"><figure class=\"elementor-image-box-img\"><img loading=\"lazy\" decoding=\"async\" width=\"300\" height=\"200\" src=\"https:\/\/enjoymundo.com.br\/wp-content\/uploads\/2023\/12\/casal-panda-no-holi-festival-300x200.jpeg\" class=\"attachment-medium size-medium wp-image-30\" alt=\"\" srcset=\"https:\/\/enjoymundo.com.br\/wp-content\/uploads\/2023\/12\/casal-panda-no-holi-festival-300x200.jpeg 300w, https:\/\/enjoymundo.com.br\/wp-content\/uploads\/2023\/12\/casal-panda-no-holi-festival-1024x683.jpeg 1024w, https:\/\/enjoymundo.com.br\/wp-content\/uploads\/2023\/12\/casal-panda-no-holi-festival-768x512.jpeg 768w, https:\/\/enjoymundo.com.br\/wp-content\/uploads\/2023\/12\/casal-panda-no-holi-festival-1536x1024.jpeg 1536w, https:\/\/enjoymundo.com.br\/wp-content\/uploads\/2023\/12\/casal-panda-no-holi-festival.jpeg 1776w\" sizes=\"(max-width: 300px) 100vw, 300px\" \/><\/figure><div class=\"elementor-image-box-content\"><h3 class=\"elementor-image-box-title\">[ESGOTADO] <br>holi festival \u00edndia<\/h3><p class=\"elementor-image-box-description\">\nmar\u00e7o 2019<\/p><\/div><\/div>\t\t\t\t<\/div>\n\t\t\t\t<\/div>\n\t\t\t\t<\/div>\n\t\t\t\t<\/div>\n\t\t\t\t<\/div>\n\t\t\t\t<\/div>\n\t\t<div class=\"elementor-element elementor-element-6d43645d e-flex e-con-boxed e-con e-parent\" data-id=\"6d43645d\" data-element_type=\"container\" data-settings=\"{&quot;background_background&quot;:&quot;classic&quot;}\">\n\t\t\t\t\t<div class=\"e-con-inner\">\n\t\t<div class=\"elementor-element elementor-element-70f4dc8d e-con-full e-flex e-con e-child\" data-id=\"70f4dc8d\" data-element_type=\"container\">\n\t\t\t\t<div class=\"elementor-element elementor-element-29788302 elementor-view-default elementor-position-top elementor-mobile-position-top elementor-widget elementor-widget-icon-box\" data-id=\"29788302\" data-element_type=\"widget\" data-widget_type=\"icon-box.default\">\n\t\t\t\t<div class=\"elementor-widget-container\">\n\t\t\t\t\t\t\t<div class=\"elementor-icon-box-wrapper\">\n\n\t\t\t\t\t\t<div class=\"elementor-icon-box-icon\">\n\t\t\t\t<a href=\"http:\/\/bit.ly\/indavoula-grupos\" target=\"_blank\" rel=\"nofollow\" class=\"elementor-icon\" tabindex=\"-1\" aria-label=\"Tire suas d\u00favidas pelo WhatsApp!&lt;br&gt;(98) 98712-8900 ou clique no \u00edcone acima.\n\">\n\t\t\t\t<svg aria-hidden=\"true\" class=\"e-font-icon-svg e-fab-whatsapp\" viewBox=\"0 0 448 512\" xmlns=\"http:\/\/www.w3.org\/2000\/svg\"><path d=\"M380.9 97.1C339 55.1 283.2 32 223.9 32c-122.4 0-222 99.6-222 222 0 39.1 10.2 77.3 29.6 111L0 480l117.7-30.9c32.4 17.7 68.9 27 106.1 27h.1c122.3 0 224.1-99.6 224.1-222 0-59.3-25.2-115-67.1-157zm-157 341.6c-33.2 0-65.7-8.9-94-25.7l-6.7-4-69.8 18.3L72 359.2l-4.4-7c-18.5-29.4-28.2-63.3-28.2-98.2 0-101.7 82.8-184.5 184.6-184.5 49.3 0 95.6 19.2 130.4 54.1 34.8 34.9 56.2 81.2 56.1 130.5 0 101.8-84.9 184.6-186.6 184.6zm101.2-138.2c-5.5-2.8-32.8-16.2-37.9-18-5.1-1.9-8.8-2.8-12.5 2.8-3.7 5.6-14.3 18-17.6 21.8-3.2 3.7-6.5 4.2-12 1.4-32.6-16.3-54-29.1-75.5-66-5.7-9.8 5.7-9.1 16.3-30.3 1.8-3.7.9-6.9-.5-9.7-1.4-2.8-12.5-30.1-17.1-41.2-4.5-10.8-9.1-9.3-12.5-9.5-3.2-.2-6.9-.2-10.6-.2-3.7 0-9.7 1.4-14.8 6.9-5.1 5.6-19.4 19-19.4 46.3 0 27.3 19.9 53.7 22.6 57.4 2.8 3.7 39.1 59.7 94.8 83.8 35.2 15.2 49 16.5 66.6 13.9 10.7-1.6 32.8-13.4 37.4-26.4 4.6-13 4.6-24.1 3.2-26.4-1.3-2.5-5-3.9-10.5-6.6z\"><\/path><\/svg>\t\t\t\t<\/a>\n\t\t\t<\/div>\n\t\t\t\n\t\t\t\t\t\t<div class=\"elementor-icon-box-content\">\n\n\t\t\t\t\t\t\t\t\t<span class=\"elementor-icon-box-title\">\n\t\t\t\t\t\t<a href=\"http:\/\/bit.ly\/indavoula-grupos\" target=\"_blank\" rel=\"nofollow\" >\n\t\t\t\t\t\t\tTire suas d\u00favidas pelo WhatsApp!<br>(98) 98712-8900 ou clique no \u00edcone acima.\n\t\t\t\t\t\t<\/a>\n\t\t\t\t\t<\/span>\n\t\t\t\t\n\t\t\t\t\n\t\t\t<\/div>\n\t\t\t\n\t\t<\/div>\n\t\t\t\t\t\t<\/div>\n\t\t\t\t<\/div>\n\t\t\t\t<\/div>\n\t\t\t\t\t<\/div>\n\t\t\t\t<\/div>\n\t\t<div class=\"elementor-element elementor-element-18c33406 e-con-full e-flex e-con e-parent\" data-id=\"18c33406\" data-element_type=\"container\" data-settings=\"{&quot;background_background&quot;:&quot;classic&quot;}\">\n\t\t<div class=\"elementor-element elementor-element-405619f e-con-full e-flex e-con e-child\" data-id=\"405619f\" data-element_type=\"container\">\n\t\t\t\t<div class=\"elementor-element elementor-element-3411a4a3 elementor-widget elementor-widget-heading\" data-id=\"3411a4a3\" data-element_type=\"widget\" data-widget_type=\"heading.default\">\n\t\t\t\t<div class=\"elementor-widget-container\">\n\t\t\t\t\t<h2 class=\"elementor-heading-title elementor-size-default\">Fam\u00edlia Panda, me leva?<\/h2>\t\t\t\t<\/div>\n\t\t\t\t<\/div>\n\t\t\t\t<div class=\"elementor-element elementor-element-149a575d elementor-widget elementor-widget-text-editor\" data-id=\"149a575d\" data-element_type=\"widget\" data-widget_type=\"text-editor.default\">\n\t\t\t\t<div class=\"elementor-widget-container\">\n\t\t\t\t\t\t\t\t\t<p style=\"text-align: center\">Estamos sempre inventando novas viagens e voc\u00ea pode\u00a0ajudar a gente a escolher os pr\u00f3ximos destinos.<\/p><p style=\"text-align: center\">Se voc\u00ea quer ir a algum lugar diferente dos que temos aqui, basta sugerir pra gente!<\/p>\t\t\t\t\t\t\t\t<\/div>\n\t\t\t\t<\/div>\n\t\t\t\t<div class=\"elementor-element elementor-element-76e8eef4 elementor-button-warning elementor-align-center elementor-widget elementor-widget-button\" data-id=\"76e8eef4\" data-element_type=\"widget\" data-widget_type=\"button.default\">\n\t\t\t\t<div class=\"elementor-widget-container\">\n\t\t\t\t\t\t\t\t\t<div class=\"elementor-button-wrapper\">\n\t\t\t\t\t<a class=\"elementor-button elementor-button-link elementor-size-sm\" href=\"http:\/\/bit.ly\/pandatrips-next\" target=\"_blank\" rel=\"nofollow\">\n\t\t\t\t\t\t<span class=\"elementor-button-content-wrapper\">\n\t\t\t\t\t\t\t\t\t<span class=\"elementor-button-text\">Me leva para o destinos dos meus sonhos!<\/span>\n\t\t\t\t\t<\/span>\n\t\t\t\t\t<\/a>\n\t\t\t\t<\/div>\n\t\t\t\t\t\t\t\t<\/div>\n\t\t\t\t<\/div>\n\t\t\t\t<\/div>\n\t\t\t\t<\/div>\n\t\t\t\t<\/div>\n\t\t","protected":false},"excerpt":{"rendered":"<p>Viagens em grupo 2023 e 2024 Sabe aquele sonho de viagem que voc\u00ea tem engavetado h\u00e1 tempos porque nunca teve coragem ou companhia para realizar? Estamos aqui pra te ajudar a tornar ele poss\u00edvel! Em nossas viagens em grupo, gostamos de privilegiar experi\u00eancias&nbsp;e fazemos o poss\u00edvel para garantir uma&nbsp;imers\u00e3o cultural&nbsp;no destino escolhido. Preferimos os&nbsp;grupos pequenos&nbsp;em [&hellip;]<\/p>\n","protected":false},"author":1,"featured_media":0,"parent":0,"menu_order":0,"comment_status":"closed","ping_status":"closed","template":"elementor_canvas","meta":{"footnotes":""},"class_list":["post-10","page","type-page","status-publish","hentry"],"_links":{"self":[{"href":"https:\/\/enjoymundo.com.br\/index.php\/wp-json\/wp\/v2\/pages\/10","targetHints":{"allow":["GET"]}}],"collection":[{"href":"https:\/\/enjoymundo.com.br\/index.php\/wp-json\/wp\/v2\/pages"}],"about":[{"href":"https:\/\/enjoymundo.com.br\/index.php\/wp-json\/wp\/v2\/types\/page"}],"author":[{"embeddable":true,"href":"https:\/\/enjoymundo.com.br\/index.php\/wp-json\/wp\/v2\/users\/1"}],"replies":[{"embeddable":true,"href":"https:\/\/enjoymundo.com.br\/index.php\/wp-json\/wp\/v2\/comments?post=10"}],"version-history":[{"count":19,"href":"https:\/\/enjoymundo.com.br\/index.php\/wp-json\/wp\/v2\/pages\/10\/revisions"}],"predecessor-version":[{"id":43,"href":"https:\/\/enjoymundo.com.br\/index.php\/wp-json\/wp\/v2\/pages\/10\/revisions\/43"}],"wp:attachment":[{"href":"https:\/\/enjoymundo.com.br\/index.php\/wp-json\/wp\/v2\/media?parent=10"}],"curies":[{"name":"wp","href":"https:\/\/api.w.org\/{rel}","templated":true}]}}